{"id":1621,"date":"2017-08-31T15:36:49","date_gmt":"2017-08-31T20:36:49","guid":{"rendered":"http:\/\/localhost:8080\/wordpress\/?page_id=1621"},"modified":"2020-01-16T09:30:22","modified_gmt":"2020-01-16T14:30:22","slug":"servicios1","status":"publish","type":"page","link":"https:\/\/autotest.com.co\/wordpress\/?page_id=1621","title":{"rendered":"REVISION DE MOTOR Y TREN  DE POTENCIA EN DINAMOMETRO DE ULTIMA TECNOLOGIA."},"content":{"rendered":"<p><a href=\"http:\/\/twitter.com\/share?url=https%3A%2F%2Fautotest.com.co%2Fwordpress%2F%3Fpage_id%3D1621&amp;count=none&amp;text=REVISION DE MOTOR Y TREN  DE POTENCIA EN DINAMOMETRO DE ULTIMA TECNOLOGIA. - AUTOTEST S.A.\" class=\"twitter-share-button\">Tweet<\/a><\/p><iframe loading=\"lazy\"  style=\"display: block; margin: 0px auto;\"  id=\"_ytid_38200\"  width=\"640\" height=\"360\"  data-origwidth=\"640\" data-origheight=\"360\" src=\"https:\/\/www.youtube.com\/embed\/MOz0DY_jS_A?enablejsapi=1&autoplay=0&cc_load_policy=0&cc_lang_pref=&iv_load_policy=1&loop=0&modestbranding=0&rel=1&fs=1&playsinline=0&autohide=2&theme=dark&color=red&controls=1&\" class=\"__youtube_prefs__  no-lazyload\" data-vol=\"19\"  title=\"YouTube player\"  allow=\"accelerometer; autoplay; clipboard-write; encrypted-media; gyroscope; picture-in-picture\" allowfullscreen data-no-lazy=\"1\" data-skipgform_ajax_framebjll=\"\"><\/iframe>\n<p>&nbsp;<\/p>\n<p><a href=\"http:\/\/localhost:8080\/wordpress\/wp-content\/uploads\/2017\/08\/dinacamionetapeque\u00f1o.jpg\"><img loading=\"lazy\" decoding=\"async\" class=\"aligncenter size-full wp-image-1675\" src=\"http:\/\/localhost:8080\/wordpress\/wp-content\/uploads\/2017\/08\/dinacamionetapeque\u00f1o.jpg\" alt=\"\" width=\"750\" height=\"500\" srcset=\"https:\/\/autotest.com.co\/wordpress\/wp-content\/uploads\/2017\/08\/dinacamionetapeque\u00f1o.jpg 750w, https:\/\/autotest.com.co\/wordpress\/wp-content\/uploads\/2017\/08\/dinacamionetapeque\u00f1o-300x200.jpg 300w, https:\/\/autotest.com.co\/wordpress\/wp-content\/uploads\/2017\/08\/dinacamionetapeque\u00f1o-720x480.jpg 720w, https:\/\/autotest.com.co\/wordpress\/wp-content\/uploads\/2017\/08\/dinacamionetapeque\u00f1o-224x149.jpg 224w\" sizes=\"auto, (max-width: 750px) 100vw, 750px\" \/><\/a><\/p>\n<p>&nbsp;<\/p>\n<p>&nbsp;<\/p>\n<p>Determinar el estado de la mec\u00e1nica de un veh\u00edculo es un factor determinante antes de comprar un usado. El alto valor de los da\u00f1os que pueden aparecer de sorpresa o la complejidad para repararlos, hace que este proceso deba adelantarse con total rigurosidad.<\/p>\n<p>En Autotest revisamos el comportamiento del veh\u00edculo en carretera simulando una prueba de ruta en un <strong>dinam\u00f3metro de \u00faltima tecnolog\u00eda<\/strong>. All\u00ed evaluamos el funcionamiento del motor y todos sus sistemas, as\u00ed como tambi\u00e9n el desempe\u00f1o del embrague, la caja de cambios y la transmisi\u00f3n, sistemas de enfriamiento, de encendido y de alimentaci\u00f3n de combustible.<\/p>\n<p>La prueba en el dinam\u00f3metro permite adem\u00e1s evaluar reparaciones mec\u00e1nicas, como afinaciones, correcci\u00f3n de recalentamientos, bombas de combustibles, entre otros. Tambi\u00e9n es muy \u00fatil y frecuentemente utilizada por los clientes que quieren conocer la real p\u00e9rdida de potencia de los motores al convertirlos a gas natural, zanjando las discusiones que pueden llegar a presentarse entre instaladores de equipos y propietarios de veh\u00edculos.<\/p>\n<p>&nbsp;<\/p>\n<p>En 2019 incorporamos dos nuevas verificaciones a esta prueba:<\/p>\n<p style=\"text-align: center;\"><a href=\"http:\/\/localhost:8080\/wordpress\/wp-content\/uploads\/2017\/08\/scaner.jpg\"><img loading=\"lazy\" decoding=\"async\" class=\"wp-image-3386 aligncenter\" src=\"http:\/\/localhost:8080\/wordpress\/wp-content\/uploads\/2017\/08\/scaner-300x225.jpg\" alt=\"\" width=\"660\" height=\"495\" srcset=\"https:\/\/autotest.com.co\/wordpress\/wp-content\/uploads\/2017\/08\/scaner-300x225.jpg 300w, https:\/\/autotest.com.co\/wordpress\/wp-content\/uploads\/2017\/08\/scaner-768x576.jpg 768w, https:\/\/autotest.com.co\/wordpress\/wp-content\/uploads\/2017\/08\/scaner-1024x768.jpg 1024w, https:\/\/autotest.com.co\/wordpress\/wp-content\/uploads\/2017\/08\/scaner-720x540.jpg 720w, https:\/\/autotest.com.co\/wordpress\/wp-content\/uploads\/2017\/08\/scaner-224x168.jpg 224w, https:\/\/autotest.com.co\/wordpress\/wp-content\/uploads\/2017\/08\/scaner-693x520.jpg 693w, https:\/\/autotest.com.co\/wordpress\/wp-content\/uploads\/2017\/08\/scaner-1140x855.jpg 1140w, https:\/\/autotest.com.co\/wordpress\/wp-content\/uploads\/2017\/08\/scaner.jpg 1210w\" sizes=\"auto, (max-width: 660px) 100vw, 660px\" \/><\/a><\/p>\n<p>&nbsp;<\/p>\n<ul>\n<li><strong>VERIFICACION CON SCANER\u00a0<\/strong>del funcionamiento de todos los sistemas controlados por la computadora del veh\u00edculo, para conocer su estado real y\u00a0adem\u00e1s, aquellas fallas que hist\u00f3ricamente se hayan presentado y se encuentren almacenadas.\u00a0 Este informe se entrega separadamente para que pueda ser usado en el momento del negocio de compraventa o para solicitar una intervenci\u00f3n mec\u00e1nica en taller.<\/li>\n<\/ul>\n<p>&nbsp;<\/p>\n<p><a href=\"http:\/\/localhost:8080\/wordpress\/wp-content\/uploads\/2017\/08\/gases.jpg\"><img loading=\"lazy\" decoding=\"async\" class=\" wp-image-3388 aligncenter\" src=\"http:\/\/localhost:8080\/wordpress\/wp-content\/uploads\/2017\/08\/gases-300x225.jpg\" alt=\"\" width=\"653\" height=\"490\" srcset=\"https:\/\/autotest.com.co\/wordpress\/wp-content\/uploads\/2017\/08\/gases-300x225.jpg 300w, https:\/\/autotest.com.co\/wordpress\/wp-content\/uploads\/2017\/08\/gases-768x576.jpg 768w, https:\/\/autotest.com.co\/wordpress\/wp-content\/uploads\/2017\/08\/gases-1024x768.jpg 1024w, https:\/\/autotest.com.co\/wordpress\/wp-content\/uploads\/2017\/08\/gases-720x540.jpg 720w, https:\/\/autotest.com.co\/wordpress\/wp-content\/uploads\/2017\/08\/gases-224x168.jpg 224w, https:\/\/autotest.com.co\/wordpress\/wp-content\/uploads\/2017\/08\/gases-693x520.jpg 693w, https:\/\/autotest.com.co\/wordpress\/wp-content\/uploads\/2017\/08\/gases-1140x855.jpg 1140w\" sizes=\"auto, (max-width: 653px) 100vw, 653px\" \/><\/a><\/p>\n<p>&nbsp;<\/p>\n<ul>\n<li><strong>La MEDICION DE EMISIONES<\/strong>. Las normas ambientales exigen el cumplimiento de unos estrictos niveles de emisiones de gases contaminantes que, a su vez, son la confirmaci\u00f3n del correcto estado mec\u00e1nico y electr\u00f3nico de un motor.\u00a0 Con este servicio buscamos revisar que el veh\u00edculo cumpla con las pol\u00edticas definidas en esta materia en la ciudad y que el cliente evite costosas reparaciones para retornar el motor y los sistemas anticontaminantes a su correcto estado.<\/li>\n<\/ul>\n<p>&nbsp;<\/p>\n<p>&nbsp;<\/p>\n","protected":false},"excerpt":{"rendered":"<p>Tweet&nbsp; &nbsp; &nbsp; Determinar el estado de la mec\u00e1nica de un veh\u00edculo es un factor determinante antes de comprar un usado. El alto valor de los da\u00f1os que pueden aparecer de sorpresa o la complejidad para repararlos, hace que este proceso deba adelantarse con total rigurosidad. En Autotest revisamos el comportamiento del veh\u00edculo en carretera &hellip; <\/p>\n<p class=\"link-more\"><a href=\"https:\/\/autotest.com.co\/wordpress\/?page_id=1621\" class=\"read-more\">Read More<span class=\"screen-reader-text\"> \u00abREVISION DE MOTOR Y TREN  DE POTENCIA EN DINAMOMETRO DE ULTIMA TECNOLOGIA.\u00bb<\/span><\/a><\/p>\n","protected":false},"author":1,"featured_media":0,"parent":0,"menu_order":0,"comment_status":"closed","ping_status":"closed","template":"","meta":{"footnotes":""},"class_list":["post-1621","page","type-page","status-publish","hentry"],"_links":{"self":[{"href":"https:\/\/autotest.com.co\/wordpress\/index.php?rest_route=\/wp\/v2\/pages\/1621","targetHints":{"allow":["GET"]}}],"collection":[{"href":"https:\/\/autotest.com.co\/wordpress\/index.php?rest_route=\/wp\/v2\/pages"}],"about":[{"href":"https:\/\/autotest.com.co\/wordpress\/index.php?rest_route=\/wp\/v2\/types\/page"}],"author":[{"embeddable":true,"href":"https:\/\/autotest.com.co\/wordpress\/index.php?rest_route=\/wp\/v2\/users\/1"}],"replies":[{"embeddable":true,"href":"https:\/\/autotest.com.co\/wordpress\/index.php?rest_route=%2Fwp%2Fv2%2Fcomments&post=1621"}],"version-history":[{"count":7,"href":"https:\/\/autotest.com.co\/wordpress\/index.php?rest_route=\/wp\/v2\/pages\/1621\/revisions"}],"predecessor-version":[{"id":3397,"href":"https:\/\/autotest.com.co\/wordpress\/index.php?rest_route=\/wp\/v2\/pages\/1621\/revisions\/3397"}],"wp:attachment":[{"href":"https:\/\/autotest.com.co\/wordpress\/index.php?rest_route=%2Fwp%2Fv2%2Fmedia&parent=1621"}],"curies":[{"name":"wp","href":"https:\/\/api.w.org\/{rel}","templated":true}]}}